{"id":1702,"date":"2021-02-24T16:50:15","date_gmt":"2021-02-24T15:50:15","guid":{"rendered":"https:\/\/i-potentials.de\/?page_id=1702"},"modified":"2026-02-03T10:21:54","modified_gmt":"2026-02-03T09:21:54","slug":"datenschutz-talent-pool-karriereportal","status":"publish","type":"page","link":"https:\/\/i-potentials.de\/de\/datenschutz-talent-pool-karriereportal\/","title":{"rendered":"Datenschutz Bewerber:innen &#038; Kandidat:innen"},"content":{"rendered":"<h2>Datenschutzhinweise f\u00fcr Bewerberinnen und Bewerber<\/h2>\n<p>Wir freuen uns, dass Sie sich f\u00fcr uns interessieren und sich f\u00fcr eine Stelle in unserem Unternehmen bewerben oder beworben haben. Wir m\u00f6chten Ihnen nachfolgend gerne Informationen zur Verarbeitung Ihrer personenbezogenen Daten im Zusammenhang mit der Bewerbung erteilen.<\/p>\n<p><strong>Wer ist f\u00fcr Datenverarbeitung verantwortlich?<\/strong><\/p>\n<p>Verantwortlicher im Sinne des Datenschutzrechts ist die<\/p>\n<p>i-potentials GmbH<br \/>\nZimmerstra\u00dfe 79\/80<br \/>\n10117 Berlin<\/p>\n<p>Sie finden weitere Informationen zu unserem Unternehmen, Angaben zu den vertretungsberechtigten Personen und auch weitere Kontaktm\u00f6glichkeiten in unserem Impressum unserer Internetseite: <a href=\"https:\/\/i-potentials.de\/de\/impressum\/\">https:\/\/i-potentials.de\/de\/impressum\/<\/a><\/p>\n<p><strong>Welche Daten von Ihnen werden von uns verarbeitet? Und zu welchen Zwecken?<\/strong><\/p>\n<p>Wir verarbeiten die Daten, die Sie uns im Zusammenhang mit Ihrer Bewerbung zugesendet haben, um Ihre Eignung f\u00fcr die Stelle (oder ggf. andere offene Positionen in unseren Unternehmen) zu pr\u00fcfen und das Bewerbungsverfahren durchzuf\u00fchren.<\/p>\n<p><strong>Nutzung von \u00f6ffentlich verf\u00fcgbaren Informationen <\/strong><\/p>\n<p>Im Rahmen des Auswahlprozesses behalten wir uns vor, \u00f6ffentlich zug\u00e4ngliche Informationen \u00fcber Bewerber:innen aus dem Internet einzusehen (z. B. berufsbezogene Social-Media-Profile oder Suchmaschinen). Diese Daten nutzen wir ausschlie\u00dflich, um die Eignung f\u00fcr die ausgeschriebene Stelle zu bewerten.<\/p>\n<p><strong>Auf welcher rechtlichen Grundlage basiert das?<\/strong><\/p>\n<p>Rechtsgrundlage f\u00fcr die Verarbeitung Ihrer personenbezogenen Daten in diesem Bewerbungsverfahren ist prim\u00e4r \u00a7 26 BDSG. Danach ist die Verarbeitung der Daten zul\u00e4ssig, die im Zusammenhang mit der Entscheidung \u00fcber die Begr\u00fcndung eines Besch\u00e4ftigungsverh\u00e4ltnisses erforderlich sind.<\/p>\n<p>Sollten die Daten nach Abschluss des Bewerbungsverfahrens ggf. zur Rechtsverfolgung erforderlich sein, kann eine Datenverarbeitung auf Basis der Voraussetzungen von Art. 6 DSGVO, insbesondere zur Wahrnehmung von berechtigten Interessen nach Art. 6 Abs. 1 lit. f) DSGVO erfolgen. Unser Interesse besteht dann in der Geltendmachung oder Abwehr von Anspr\u00fcchen.<\/p>\n<p><strong>Wie lange werden die Daten gespeichert?<\/strong><\/p>\n<p>Daten von Bewerberinnen und Bewerbern werden im Falle einer Absage nach 6 Monaten gel\u00f6scht.<\/p>\n<p>F\u00fcr den Fall, dass Sie einer weiteren Speicherung Ihrer personenbezogenen Daten zugestimmt haben, werden wir Ihre Daten in unseren Bewerber-Pool \u00fcbernehmen. Dort werden die Daten nach Ablauf von zwei Jahren gel\u00f6scht.<\/p>\n<p>Sollten Sie im Rahmen des Bewerbungsverfahrens den Zuschlag f\u00fcr eine Stelle erhalten haben, werden die Daten aus dem Bewerberdatensystem in unser Personalinformationssystem \u00fcberf\u00fchrt.<\/p>\n<p><strong>An welche Empf\u00e4nger werden die Daten weitergegeben?<\/strong><\/p>\n<p>Wir nutzen f\u00fcr den Bewerbungsprozess einen spezialisierten Software-Anbieter. Dieser wird als Dienstleister f\u00fcr uns t\u00e4tig und kann im Zusammenhang mit der Wartung und Pflege der Systeme ggf. auch Kenntnis von Ihren personenbezogenen Daten erhalten.<\/p>\n<p>Bei dem Anbieter handelt es sich um: Avature GmbH, Reichenbachstra\u03b2e 26, 80469 M\u00fcnchen<\/p>\n<p>Wir haben mit diesem Anbieter einen sog. Auftragsverarbeitungsvertrag abgeschlossen, der sicherstellt, dass die Datenverarbeitung in zul\u00e4ssiger Weise erfolgt.<\/p>\n<p>Ihre Bewerberdaten werden nach Eingang Ihrer Bewerbung von der Personalabteilung gesichtet. Geeignete Bewerbungen werden dann intern an die Abteilungsverantwortlichen f\u00fcr die jeweils offene Position weitergeleitet. Dann wird der weitere Ablauf abgestimmt. Im Unternehmen haben grunds\u00e4tzlich nur die Personen Zugriff auf Ihre Daten, die dies f\u00fcr den ordnungsgem\u00e4\u00dfen Ablauf unseres Bewerbungsverfahrens ben\u00f6tigen.<\/p>\n<p><strong>Wo werden die Daten verarbeitet?<\/strong><\/p>\n<p>Die Daten werden ausschlie\u00dflich in Rechenzentren der Bundesrepublik Deutschland verarbeitet.<\/p>\n<p>Ihre Rechte als \u201eBetroffene\u201c<\/p>\n<p>Sie haben das Recht auf Auskunft \u00fcber die von uns zu Ihrer Person verarbeiteten personenbezogenen Daten.<\/p>\n<p>Bei einer Auskunftsanfrage, die nicht schriftlich erfolgt, bitten wir um Verst\u00e4ndnis daf\u00fcr, dass wir dann ggf. Nachweise von Ihnen verlangen, die belegen, dass Sie die Person sind, f\u00fcr die Sie sich ausgeben.<\/p>\n<p>Ferner haben Sie ein Recht auf Berichtigung oder L\u00f6schung oder auf Einschr\u00e4nkung der Verarbeitung, soweit Ihnen dies gesetzlich zusteht.<\/p>\n<p>Ferner haben Sie ein Widerspruchsrecht gegen die Verarbeitung im Rahmen der gesetzlichen Vorgaben. Gleiches gilt f\u00fcr ein Recht auf Daten\u00fcbertragbarkeit.<\/p>\n<p><strong>Unser Datenschutzbeauftragter<\/strong><\/p>\n<p>Wir haben einen Datenschutzbeauftragten f\u00fcr unser Unternehmen benannt. Sie erreichen diesen unter folgenden Kontaktm\u00f6glichkeiten:<\/p>\n<p>LOROP GmbH<br \/>\nDennis Schulz<br \/>\nLandgrafenstra\u00dfe 16<br \/>\n10787 Berlin<br \/>\nE-Mail: <a href=\"mailto:datenschutz@lorop.de\">datenschutz@lorop.de<\/a><\/p>\n<p><strong>Beschwerderecht<\/strong><\/p>\n<p>Sie haben das Recht, sich \u00fcber die Verarbeitung personenbezogenen Daten durch uns bei einer Aufsichtsbeh\u00f6rde f\u00fcr den Datenschutz zu beschweren.<\/p>\n<h2><strong>\u00a0<\/strong><\/h2>\n<h2>Datenschutzhinweise f\u00fcr Kandidatinnen und Kandidaten<\/h2>\n<p>Wir freuen uns, dass Sie sich f\u00fcr unsere Dienstleistungen der Personalberatung interessieren und nehmen Sie daher gerne in unsere Datenbank auf, um Sie in potentiell f\u00fcr Sie relevante Positionen vermitteln zu k\u00f6nnen.<\/p>\n<p><strong>Wer ist f\u00fcr Datenverarbeitung verantwortlich?<\/strong><\/p>\n<p>Verantwortlicher im Sinne des Datenschutzrechts ist die<\/p>\n<p>i-potentials GmbH<br \/>\nZimmerstra\u00dfe 79\/80<br \/>\n10117 Berlin<\/p>\n<p>Sie finden weitere Informationen zu unserem Unternehmen, Angaben zu den vertretungsberechtigten Personen und auch weitere Kontaktm\u00f6glichkeiten in unserem Impressum unserer Internetseite: <a href=\"https:\/\/i-potentials.de\/de\/impressum\/\">https:\/\/i-potentials.de\/de\/impressum\/<\/a><\/p>\n<p><strong>Welche Daten von Ihnen werden von uns verarbeitet? Und zu welchen Zwecken?<\/strong><\/p>\n<p>Wir verarbeiten die Daten, die Sie uns im Zusammenhang mit der Erstellung Ihres pers\u00f6nlichen Kandidatenprofils (<a href=\"https:\/\/ipotentials.avature.net\/talentpoolD\">https:\/\/ipotentials.avature.net\/talentpoolD<\/a>) \u00fcbermittelt haben, um Ihre Eignung f\u00fcr potentielle Arbeitgeber zu pr\u00fcfen und Sie ggf. an diese zu vermitteln.<\/p>\n<p>Ggf. findet dadurch auch \u201eProfiling\u201c im datenschutzrechtlichen Sinne statt, sodass wir hierzu Ihre Einwilligung einholen (Art. 22 Abs. 2 lit. c DSGVO).<\/p>\n<p><strong>Nutzung von \u00f6ffentlich verf\u00fcgbaren Informationen <\/strong><\/p>\n<p>Im Rahmen des Auswahlprozesses behalten wir uns vor, \u00f6ffentlich zug\u00e4ngliche Informationen \u00fcber Bewerber:innen aus dem Internet einzusehen (z. B. berufsbezogene Social-Media-Profile oder Suchmaschinen). Diese Daten nutzen wir ausschlie\u00dflich, um die Eignung f\u00fcr die ausgeschriebene Stelle zu bewerten.<\/p>\n<p><strong>Auf welcher rechtlichen Grundlage basiert das?<\/strong><\/p>\n<p>Rechtsgrundlage f\u00fcr die Verarbeitung Ihrer Kandidatendaten ist zun\u00e4chst die Datenschutz-Grundverordnung (DSGVO). Nach Art. 6 Abs. 1 lit. b) DSGVO ist die Verarbeitung der Daten zul\u00e4ssig, wenn dies zur Durchf\u00fchrung oder Beendigung des Besch\u00e4ftigungsverh\u00e4ltnisses erforderlich ist. Darunter fallen auch vorvertragliche Ma\u00dfnahmen, wie in diesem Bewerbungsverfahren f\u00fcr Kandidatinnen und Kandidaten.<\/p>\n<p>Zus\u00e4tzlich ist Art. 6 Abs. 1 lit. a DSGVO die Rechtsgrundlage, da wir hierzu Ihre Einwilligung einholen, welche Sie jederzeit mit Wirkung f\u00fcr die Zukunft widerrufen k\u00f6nnen.<\/p>\n<p>Sollten die Daten nach Abschluss des Kandidatenverfahrens ggf. zur Rechtsverfolgung erforderlich sein, kann eine Datenverarbeitung auf Basis der Voraussetzungen von Art. 6 DSGVO, insbesondere zur Wahrnehmung von berechtigten Interessen nach Art. 6 Abs. 1 lit. f DSGVO erfolgen. Unser Interesse besteht dann in der Geltendmachung oder Abwehr von Anspr\u00fcchen.<\/p>\n<p><strong>Wie lange werden die Daten gespeichert?<\/strong><\/p>\n<p>Zum Ende eines Kalenderjahres pr\u00fcfen wir, ob die weitere Verarbeitung Ihrer Daten notwendig ist. Grunds\u00e4tzlich werden Daten von Kandidatinnen und Kandidaten drei Jahre nachdem das Kandidatenprofil erstellt worden ist gel\u00f6scht.<\/p>\n<p><strong>An welche Empf\u00e4nger werden die Daten weitergegeben?<\/strong><\/p>\n<p>Wir nutzen f\u00fcr das Kandidatenverfahren einen spezialisierten Software-Anbieter. Dieser wird als Dienstleister f\u00fcr uns t\u00e4tig und kann im Zusammenhang mit der Wartung und Pflege der Systeme ggf. auch Kenntnis von Ihren personenbezogenen Daten erhalten.<\/p>\n<p>Bei dem Anbieter handelt es sich um: Avature GmbH, Reichenbachstra\u03b2e 26, 80469 M\u00fcnchen<\/p>\n<p>Avature setzt Unterauftragsverarbeiter aus Drittl\u00e4ndern ein, sodass eine Drittland\u00fcbermittlung Ihrer personenbezogenen Daten nicht ausgeschlossen ist. Deshalb haben wir mit dem Anbieter sogenannte Standardvertragsklauseln abgeschlossen. Zus\u00e4tzlich ist die dahinterstehende Unternehmensgruppe auch auf der offiziellen Webseite des Data Privacy Frameworks gelistet: <a href=\"https:\/\/www.dataprivacyframework.gov\/s\/participant-search\/participant-detail?id=a2zt0000000TOQNAA4&amp;status=Active\">https:\/\/www.dataprivacyframework.gov\/s\/participant-search\/participant-detail?id=a2zt0000000TOQNAA4&amp;status=Active<\/a><\/p>\n<p>Die Daten werden nach Erstellung Ihres Kandidatenprofils an potentielle Arbeitgeber weitergegeben, damit diese Ihre Eignung f\u00fcr eine Stelle pr\u00fcfen und Kontakt mit Ihnen aufnehmen k\u00f6nnen.<\/p>\n<p><strong>Verwendung von KI im Bewerbungsverfahren<\/strong><\/p>\n<p>Wir nutzen in unserem Bewerbungsprozess teilweise Systeme (z.B. Langdock GmbH, Fehrbelliner Stra\u00dfe 4, 10119 Berlin) mit K\u00fcnstlicher Intelligenz (KI). Diese unterst\u00fctzen uns zum Beispiel beim Sortieren und Strukturieren von Bewerbungsunterlagen.<\/p>\n<p>Wichtig f\u00fcr Sie:<\/p>\n<ul>\n<li>Ihre Bewerbung wird nicht ausschlie\u00dflich automatisiert bewertet \u2013 die Entscheidung treffen immer unsere Mitarbeiter.<\/li>\n<li>Die KI dient nur der Unterst\u00fctzung (z. B. schnelleres Auffinden von Angaben, Erkennen von Doppelbewerbungen).<\/li>\n<li>Rechtsgrundlagen sind Art. 6 Abs. 1 lit. b DSGVO (vorvertragliche Ma\u00dfnahmen) und ggf. Art. 6 Abs. 1 lit. f DSGVO (berechtigtes Interesse i.S. einer effizienten Gestaltung unserer unternehmensinternen Prozesse und Abl\u00e4ufe).<\/li>\n<li>Sie haben das Recht, Auskunft \u00fcber den Einsatz der KI zu verlangen und k\u00f6nnen sicherstellen, dass keine ausschlie\u00dflich automatisierte Entscheidung \u00fcber Ihre Bewerbung getroffen wird (Art. 22 DSGVO).<\/li>\n<\/ul>\n<p><strong>Ihre Rechte als \u201eBetroffene\u201c<\/strong><\/p>\n<p>Sie haben das Recht auf Auskunft \u00fcber die von uns zu Ihrer Person verarbeiteten personenbezogenen Daten.<\/p>\n<p>Bei einer Auskunftsanfrage, die nicht schriftlich erfolgt, bitten wir um Verst\u00e4ndnis daf\u00fcr, dass wir dann ggf. Nachweise von Ihnen verlangen, die belegen, dass Sie die Person sind, f\u00fcr die Sie sich ausgeben.<\/p>\n<p>Ferner haben Sie ein Recht auf Berichtigung oder L\u00f6schung oder auf Einschr\u00e4nkung der Verarbeitung, soweit Ihnen dies gesetzlich zusteht.<\/p>\n<p>Ferner haben Sie ein Widerspruchsrecht gegen die Verarbeitung im Rahmen der gesetzlichen Vorgaben. Gleiches gilt f\u00fcr ein Recht auf Daten\u00fcbertragbarkeit.<\/p>\n<p><strong>Unser Datenschutzbeauftragter<\/strong><\/p>\n<p>Wir haben einen Datenschutzbeauftragten in unserem Unternehmen benannt. Sie erreichen diesen unter folgenden Kontaktm\u00f6glichkeiten:<\/p>\n<p>LOROP GmbH<br \/>\nDennis Schulz<br \/>\nLandgrafenstra\u00dfe 16<br \/>\n10787 Berlin<br \/>\nE-Mail: datenschutz@lorop.de<\/p>\n<p><strong>Beschwerderecht<\/strong><\/p>\n<p>Sie haben das Recht, sich \u00fcber die Verarbeitung personenbezogenen Daten durch uns bei einer Aufsichtsbeh\u00f6rde f\u00fcr den Datenschutz zu beschweren.<\/p>\n<p>&nbsp;<\/p>\n","protected":false},"excerpt":{"rendered":"<p>Datenschutzhinweise f\u00fcr Bewerberinnen und Bewerber Wir freuen uns, dass Sie sich f\u00fcr uns interessieren und sich f\u00fcr eine Stelle in unserem Unternehmen bewerben oder beworben haben. Wir m\u00f6chten Ihnen nachfolgend gerne Informationen zur Verarbeitung Ihrer personenbezogenen Daten im Zusammenhang mit der Bewerbung erteilen. Wer ist f\u00fcr Datenverarbeitung verantwortlich? Verantwortlicher im Sinne des Datenschutzrechts ist die &#8230;.<\/p>\n","protected":false},"author":7,"featured_media":0,"parent":0,"menu_order":19,"comment_status":"closed","ping_status":"closed","template":"","meta":{"_acf_changed":false,"footnotes":""},"class_list":["post-1702","page","type-page","status-publish","hentry"],"acf":[],"yoast_head":"<!-- This site is optimized with the Yoast SEO plugin v27.4 - https:\/\/yoast.com\/product\/yoast-seo-wordpress\/ -->\n<title>Datenschutz Bewerber:innen &amp; Kandidat:innen - i-potentials<\/title>\n<meta name=\"robots\" content=\"index, follow, max-snippet:-1, max-image-preview:large, max-video-preview:-1\" \/>\n<link rel=\"canonical\" href=\"https:\/\/i-potentials.de\/de\/datenschutz-talent-pool-karriereportal\/\" \/>\n<meta property=\"og:locale\" content=\"de_DE\" \/>\n<meta property=\"og:type\" content=\"article\" \/>\n<meta property=\"og:title\" content=\"Datenschutz Bewerber:innen &amp; Kandidat:innen - i-potentials\" \/>\n<meta property=\"og:description\" content=\"Datenschutzhinweise f\u00fcr Bewerberinnen und Bewerber Wir freuen uns, dass Sie sich f\u00fcr uns interessieren und sich f\u00fcr eine Stelle in unserem Unternehmen bewerben oder beworben haben. Wir m\u00f6chten Ihnen nachfolgend gerne Informationen zur Verarbeitung Ihrer personenbezogenen Daten im Zusammenhang mit der Bewerbung erteilen. Wer ist f\u00fcr Datenverarbeitung verantwortlich? Verantwortlicher im Sinne des Datenschutzrechts ist die ....\" \/>\n<meta property=\"og:url\" content=\"https:\/\/i-potentials.de\/de\/datenschutz-talent-pool-karriereportal\/\" \/>\n<meta property=\"og:site_name\" content=\"i-potentials\" \/>\n<meta property=\"article:modified_time\" content=\"2026-02-03T09:21:54+00:00\" \/>\n<meta property=\"og:image\" content=\"https:\/\/i-potentials.de\/wp-content\/uploads\/2021\/03\/Home.jpg\" \/>\n\t<meta property=\"og:image:width\" content=\"1410\" \/>\n\t<meta property=\"og:image:height\" content=\"540\" \/>\n\t<meta property=\"og:image:type\" content=\"image\/jpeg\" \/>\n<meta name=\"twitter:card\" content=\"summary_large_image\" \/>\n<meta name=\"twitter:label1\" content=\"Gesch\u00e4tzte Lesezeit\" \/>\n\t<meta name=\"twitter:data1\" content=\"8\u00a0Minuten\" \/>\n<script type=\"application\/ld+json\" class=\"yoast-schema-graph\">{\"@context\":\"https:\\\/\\\/schema.org\",\"@graph\":[{\"@type\":\"WebPage\",\"@id\":\"https:\\\/\\\/i-potentials.de\\\/de\\\/datenschutz-talent-pool-karriereportal\\\/\",\"url\":\"https:\\\/\\\/i-potentials.de\\\/de\\\/datenschutz-talent-pool-karriereportal\\\/\",\"name\":\"Datenschutz Bewerber:innen & Kandidat:innen - i-potentials\",\"isPartOf\":{\"@id\":\"https:\\\/\\\/i-potentials.de\\\/de\\\/#website\"},\"datePublished\":\"2021-02-24T15:50:15+00:00\",\"dateModified\":\"2026-02-03T09:21:54+00:00\",\"breadcrumb\":{\"@id\":\"https:\\\/\\\/i-potentials.de\\\/de\\\/datenschutz-talent-pool-karriereportal\\\/#breadcrumb\"},\"inLanguage\":\"de\",\"potentialAction\":[{\"@type\":\"ReadAction\",\"target\":[\"https:\\\/\\\/i-potentials.de\\\/de\\\/datenschutz-talent-pool-karriereportal\\\/\"]}]},{\"@type\":\"BreadcrumbList\",\"@id\":\"https:\\\/\\\/i-potentials.de\\\/de\\\/datenschutz-talent-pool-karriereportal\\\/#breadcrumb\",\"itemListElement\":[{\"@type\":\"ListItem\",\"position\":1,\"name\":\"Startseite\",\"item\":\"https:\\\/\\\/i-potentials.de\\\/de\\\/\"},{\"@type\":\"ListItem\",\"position\":2,\"name\":\"Datenschutz Bewerber:innen &#038; Kandidat:innen\"}]},{\"@type\":\"WebSite\",\"@id\":\"https:\\\/\\\/i-potentials.de\\\/de\\\/#website\",\"url\":\"https:\\\/\\\/i-potentials.de\\\/de\\\/\",\"name\":\"i-potentials\",\"description\":\"\",\"publisher\":{\"@id\":\"https:\\\/\\\/i-potentials.de\\\/de\\\/#organization\"},\"potentialAction\":[{\"@type\":\"SearchAction\",\"target\":{\"@type\":\"EntryPoint\",\"urlTemplate\":\"https:\\\/\\\/i-potentials.de\\\/de\\\/?s={search_term_string}\"},\"query-input\":{\"@type\":\"PropertyValueSpecification\",\"valueRequired\":true,\"valueName\":\"search_term_string\"}}],\"inLanguage\":\"de\"},{\"@type\":\"Organization\",\"@id\":\"https:\\\/\\\/i-potentials.de\\\/de\\\/#organization\",\"name\":\"i-potentials GmbH\",\"url\":\"https:\\\/\\\/i-potentials.de\\\/de\\\/\",\"logo\":{\"@type\":\"ImageObject\",\"inLanguage\":\"de\",\"@id\":\"https:\\\/\\\/i-potentials.de\\\/de\\\/#\\\/schema\\\/logo\\\/image\\\/\",\"url\":\"https:\\\/\\\/i-potentials.de\\\/wp-content\\\/uploads\\\/2021\\\/03\\\/i-potentials-logo.png\",\"contentUrl\":\"https:\\\/\\\/i-potentials.de\\\/wp-content\\\/uploads\\\/2021\\\/03\\\/i-potentials-logo.png\",\"width\":500,\"height\":52,\"caption\":\"i-potentials GmbH\"},\"image\":{\"@id\":\"https:\\\/\\\/i-potentials.de\\\/de\\\/#\\\/schema\\\/logo\\\/image\\\/\"}}]}<\/script>\n<!-- \/ Yoast SEO plugin. -->","yoast_head_json":{"title":"Datenschutz Bewerber:innen & Kandidat:innen - i-potentials","robots":{"index":"index","follow":"follow","max-snippet":"max-snippet:-1","max-image-preview":"max-image-preview:large","max-video-preview":"max-video-preview:-1"},"canonical":"https:\/\/i-potentials.de\/de\/datenschutz-talent-pool-karriereportal\/","og_locale":"de_DE","og_type":"article","og_title":"Datenschutz Bewerber:innen & Kandidat:innen - i-potentials","og_description":"Datenschutzhinweise f\u00fcr Bewerberinnen und Bewerber Wir freuen uns, dass Sie sich f\u00fcr uns interessieren und sich f\u00fcr eine Stelle in unserem Unternehmen bewerben oder beworben haben. Wir m\u00f6chten Ihnen nachfolgend gerne Informationen zur Verarbeitung Ihrer personenbezogenen Daten im Zusammenhang mit der Bewerbung erteilen. Wer ist f\u00fcr Datenverarbeitung verantwortlich? Verantwortlicher im Sinne des Datenschutzrechts ist die ....","og_url":"https:\/\/i-potentials.de\/de\/datenschutz-talent-pool-karriereportal\/","og_site_name":"i-potentials","article_modified_time":"2026-02-03T09:21:54+00:00","og_image":[{"width":1410,"height":540,"url":"https:\/\/i-potentials.de\/wp-content\/uploads\/2021\/03\/Home.jpg","type":"image\/jpeg"}],"twitter_card":"summary_large_image","twitter_misc":{"Gesch\u00e4tzte Lesezeit":"8\u00a0Minuten"},"schema":{"@context":"https:\/\/schema.org","@graph":[{"@type":"WebPage","@id":"https:\/\/i-potentials.de\/de\/datenschutz-talent-pool-karriereportal\/","url":"https:\/\/i-potentials.de\/de\/datenschutz-talent-pool-karriereportal\/","name":"Datenschutz Bewerber:innen & Kandidat:innen - i-potentials","isPartOf":{"@id":"https:\/\/i-potentials.de\/de\/#website"},"datePublished":"2021-02-24T15:50:15+00:00","dateModified":"2026-02-03T09:21:54+00:00","breadcrumb":{"@id":"https:\/\/i-potentials.de\/de\/datenschutz-talent-pool-karriereportal\/#breadcrumb"},"inLanguage":"de","potentialAction":[{"@type":"ReadAction","target":["https:\/\/i-potentials.de\/de\/datenschutz-talent-pool-karriereportal\/"]}]},{"@type":"BreadcrumbList","@id":"https:\/\/i-potentials.de\/de\/datenschutz-talent-pool-karriereportal\/#breadcrumb","itemListElement":[{"@type":"ListItem","position":1,"name":"Startseite","item":"https:\/\/i-potentials.de\/de\/"},{"@type":"ListItem","position":2,"name":"Datenschutz Bewerber:innen &#038; Kandidat:innen"}]},{"@type":"WebSite","@id":"https:\/\/i-potentials.de\/de\/#website","url":"https:\/\/i-potentials.de\/de\/","name":"i-potentials","description":"","publisher":{"@id":"https:\/\/i-potentials.de\/de\/#organization"},"potentialAction":[{"@type":"SearchAction","target":{"@type":"EntryPoint","urlTemplate":"https:\/\/i-potentials.de\/de\/?s={search_term_string}"},"query-input":{"@type":"PropertyValueSpecification","valueRequired":true,"valueName":"search_term_string"}}],"inLanguage":"de"},{"@type":"Organization","@id":"https:\/\/i-potentials.de\/de\/#organization","name":"i-potentials GmbH","url":"https:\/\/i-potentials.de\/de\/","logo":{"@type":"ImageObject","inLanguage":"de","@id":"https:\/\/i-potentials.de\/de\/#\/schema\/logo\/image\/","url":"https:\/\/i-potentials.de\/wp-content\/uploads\/2021\/03\/i-potentials-logo.png","contentUrl":"https:\/\/i-potentials.de\/wp-content\/uploads\/2021\/03\/i-potentials-logo.png","width":500,"height":52,"caption":"i-potentials GmbH"},"image":{"@id":"https:\/\/i-potentials.de\/de\/#\/schema\/logo\/image\/"}}]}},"_links":{"self":[{"href":"https:\/\/i-potentials.de\/de\/wp-json\/wp\/v2\/pages\/1702","targetHints":{"allow":["GET"]}}],"collection":[{"href":"https:\/\/i-potentials.de\/de\/wp-json\/wp\/v2\/pages"}],"about":[{"href":"https:\/\/i-potentials.de\/de\/wp-json\/wp\/v2\/types\/page"}],"author":[{"embeddable":true,"href":"https:\/\/i-potentials.de\/de\/wp-json\/wp\/v2\/users\/7"}],"replies":[{"embeddable":true,"href":"https:\/\/i-potentials.de\/de\/wp-json\/wp\/v2\/comments?post=1702"}],"version-history":[{"count":5,"href":"https:\/\/i-potentials.de\/de\/wp-json\/wp\/v2\/pages\/1702\/revisions"}],"predecessor-version":[{"id":18248,"href":"https:\/\/i-potentials.de\/de\/wp-json\/wp\/v2\/pages\/1702\/revisions\/18248"}],"wp:attachment":[{"href":"https:\/\/i-potentials.de\/de\/wp-json\/wp\/v2\/media?parent=1702"}],"curies":[{"name":"wp","href":"https:\/\/api.w.org\/{rel}","templated":true}]}}