{"id":9,"date":"2018-11-18T16:32:00","date_gmt":"2018-11-18T15:32:00","guid":{"rendered":"https:\/\/i-potentials.de?page_id=9"},"modified":"2024-05-29T15:25:52","modified_gmt":"2024-05-29T13:25:52","slug":"impressum","status":"publish","type":"page","link":"https:\/\/i-potentials.de\/de\/impressum\/","title":{"rendered":"Impressum"},"content":{"rendered":"<h2>i-potentials GmbH<\/h2>\n<p>Zimmerstra\u00dfe 79\/80<br \/>\n10117 Berlin<\/p>\n<p>Amtsgericht Charlottenburg<strong><br \/>\n<\/strong>HRB 120614 B<\/p>\n<p>Umsatzsteueridentifikationsnummer: DE 266464557<br \/>\nGesch\u00e4ftsf\u00fchrer: Constanze Buchheim, Martina van Hettinga<br \/>\nVerantwortlich f\u00fcr den Inhalt: Constanze Buchheim, Martina van Hettinga<\/p>\n<p><strong>Kontakt:<\/strong><\/p>\n<p>i-potentials GmbH<\/p>\n<p>Tel.: 030 609 899 300<br \/>\nFax: 030 609 899 29<br \/>\nEmail: <a class=\"content-link\" title=\"\" href=\"mailto:info@i-potentials.de\">info@i-potentials.de<\/a><\/p>\n<h2>Haftungsbeschr\u00e4nkungen f\u00fcr eigene Inhalte<\/h2>\n<p>Alle Inhalte unseres Internetauftritts wurden mit Sorgfalt und nach bestem Gewissen erstellt. Eine Gew\u00e4hr f\u00fcr die Aktualit\u00e4t, Vollst\u00e4ndigkeit und Richtigkeit s\u00e4mtlicher Seiten kann jedoch nicht \u00fcbernommen werden. Wir sind als Dienstanbieter f\u00fcr eigene Inhalte auf diesen Seiten nach den allgemeinen Gesetzen verantwortlich, jedoch nicht verpflichtet, die \u00fcbermittelten oder gespeicherten fremden Informationen zu \u00fcberwachen. Eine umgehende Entfernung dieser Inhalte erfolgt ab dem Zeitpunkt der Kenntnis einer konkreten Rechtsverletzung und wir haften nicht vor dem Zeitpunkt der Kenntniserlangung.<\/p>\n<h2>Haftungsbeschr\u00e4nkung f\u00fcr externe Inhalte<\/h2>\n<p>Unsere Webseite enth\u00e4lt sog. \u201eexterne Links\u201c (Verkn\u00fcpfungen zu Webseiten Dritter), auf deren Inhalt wir keinen Einfluss haben und f\u00fcr den wir aus diesem Grund keine Gew\u00e4hr \u00fcbernehmen. F\u00fcr die Inhalte und Richtigkeit der Informationen ist der jeweilige Informationsanbieter der verlinkten Webseite verantwortlich. Als die Verlinkung vorgenommen wurde, waren f\u00fcr uns keine Rechtsverst\u00f6\u00dfe erkennbar. Sollte uns eine Rechtsverletzung bekannt werden, wird der jeweilige Link umgehend von uns entfernt.<\/p>\n<h2>Urheberrecht<\/h2>\n<p>Die auf dieser Webseite ver\u00f6ffentlichten Inhalte und Werke unterliegen dem deutschen Urheberrecht. Jede Art der Vervielf\u00e4ltigung, Bearbeitung, Verbreitung und jede Art der Verwertung au\u00dferhalb der Grenzen des Urheberrechts bedarf der vorherigen schriftlichen Zustimmung des jeweiligen Urhebers bzw. Autors.<\/p>\n<h2>Credits<\/h2>\n<p>Quellen f\u00fcr Bilder &amp; Ger\u00e4tenachbildungen:<\/p>\n<p><a href=\"http:\/\/alexanderklebe.de\/\">Alexander Klebe Fotografie<\/a><\/p>\n<p><a href=\"https:\/\/fotos-berlin.net\/\" target=\"_blank\" rel=\"noopener\">Annette Koroll | Fotostudio Berlin<\/a><\/p>\n<p><a href=\"https:\/\/www.instagram.com\/patrycialukasphotography\/?hl=de\">Patrycia Lukas | Fotografie<\/a><\/p>\n<p><a href=\"https:\/\/fotoloft-erfurt.de\/\" target=\"_blank\" rel=\"noopener\">Benjamin Stolle | Fotoloft Erfurt\u00a0<\/a><\/p>\n<p><a href=\"https:\/\/www.canva.com\/photos\/\" target=\"_blank\" rel=\"noopener\">Canva inkl. Pexels &amp; Pixabay<\/a><\/p>\n<p><a href=\"https:\/\/stocksnap.io\/\" target=\"_blank\" rel=\"noopener\">Stocksnap.io &#8211; Creative Commons<\/a><\/p>\n","protected":false},"excerpt":{"rendered":"<p>i-potentials GmbH Zimmerstra\u00dfe 79\/80 10117 Berlin Amtsgericht Charlottenburg HRB 120614 B Umsatzsteueridentifikationsnummer: DE 266464557 Gesch\u00e4ftsf\u00fchrer: Constanze Buchheim, Martina van Hettinga Verantwortlich f\u00fcr den Inhalt: Constanze Buchheim, Martina van Hettinga Kontakt: i-potentials GmbH Tel.: 030 609 899 300 Fax: 030 609 899 29 Email: info@i-potentials.de Haftungsbeschr\u00e4nkungen f\u00fcr eigene Inhalte Alle Inhalte unseres Internetauftritts wurden mit Sorgfalt &#8230;.<\/p>\n","protected":false},"author":1,"featured_media":0,"parent":0,"menu_order":16,"comment_status":"closed","ping_status":"closed","template":"","meta":{"_acf_changed":false,"footnotes":""},"class_list":["post-9","page","type-page","status-publish","hentry"],"acf":[],"yoast_head":"<!-- This site is optimized with the Yoast SEO plugin v27.4 - https:\/\/yoast.com\/product\/yoast-seo-wordpress\/ -->\n<title>Impressum - i-potentials<\/title>\n<meta name=\"robots\" content=\"index, follow, max-snippet:-1, max-image-preview:large, max-video-preview:-1\" \/>\n<link rel=\"canonical\" href=\"https:\/\/i-potentials.de\/de\/impressum\/\" \/>\n<meta property=\"og:locale\" content=\"de_DE\" \/>\n<meta property=\"og:type\" content=\"article\" \/>\n<meta property=\"og:title\" content=\"Impressum - i-potentials\" \/>\n<meta property=\"og:description\" content=\"i-potentials GmbH Zimmerstra\u00dfe 79\/80 10117 Berlin Amtsgericht Charlottenburg HRB 120614 B Umsatzsteueridentifikationsnummer: DE 266464557 Gesch\u00e4ftsf\u00fchrer: Constanze Buchheim, Martina van Hettinga Verantwortlich f\u00fcr den Inhalt: Constanze Buchheim, Martina van Hettinga Kontakt: i-potentials GmbH Tel.: 030 609 899 300 Fax: 030 609 899 29 Email: info@i-potentials.de Haftungsbeschr\u00e4nkungen f\u00fcr eigene Inhalte Alle Inhalte unseres Internetauftritts wurden mit Sorgfalt ....\" \/>\n<meta property=\"og:url\" content=\"https:\/\/i-potentials.de\/de\/impressum\/\" \/>\n<meta property=\"og:site_name\" content=\"i-potentials\" \/>\n<meta property=\"article:modified_time\" content=\"2024-05-29T13:25:52+00:00\" \/>\n<meta property=\"og:image\" content=\"https:\/\/i-potentials.de\/wp-content\/uploads\/2021\/03\/Home.jpg\" \/>\n\t<meta property=\"og:image:width\" content=\"1410\" \/>\n\t<meta property=\"og:image:height\" content=\"540\" \/>\n\t<meta property=\"og:image:type\" content=\"image\/jpeg\" \/>\n<meta name=\"twitter:card\" content=\"summary_large_image\" \/>\n<meta name=\"twitter:label1\" content=\"Gesch\u00e4tzte Lesezeit\" \/>\n\t<meta name=\"twitter:data1\" content=\"2\u00a0Minuten\" \/>\n<script type=\"application\/ld+json\" class=\"yoast-schema-graph\">{\"@context\":\"https:\\\/\\\/schema.org\",\"@graph\":[{\"@type\":\"WebPage\",\"@id\":\"https:\\\/\\\/i-potentials.de\\\/de\\\/impressum\\\/\",\"url\":\"https:\\\/\\\/i-potentials.de\\\/de\\\/impressum\\\/\",\"name\":\"Impressum - i-potentials\",\"isPartOf\":{\"@id\":\"https:\\\/\\\/i-potentials.de\\\/de\\\/#website\"},\"datePublished\":\"2018-11-18T15:32:00+00:00\",\"dateModified\":\"2024-05-29T13:25:52+00:00\",\"breadcrumb\":{\"@id\":\"https:\\\/\\\/i-potentials.de\\\/de\\\/impressum\\\/#breadcrumb\"},\"inLanguage\":\"de\",\"potentialAction\":[{\"@type\":\"ReadAction\",\"target\":[\"https:\\\/\\\/i-potentials.de\\\/de\\\/impressum\\\/\"]}]},{\"@type\":\"BreadcrumbList\",\"@id\":\"https:\\\/\\\/i-potentials.de\\\/de\\\/impressum\\\/#breadcrumb\",\"itemListElement\":[{\"@type\":\"ListItem\",\"position\":1,\"name\":\"Startseite\",\"item\":\"https:\\\/\\\/i-potentials.de\\\/de\\\/\"},{\"@type\":\"ListItem\",\"position\":2,\"name\":\"Impressum\"}]},{\"@type\":\"WebSite\",\"@id\":\"https:\\\/\\\/i-potentials.de\\\/de\\\/#website\",\"url\":\"https:\\\/\\\/i-potentials.de\\\/de\\\/\",\"name\":\"i-potentials\",\"description\":\"\",\"publisher\":{\"@id\":\"https:\\\/\\\/i-potentials.de\\\/de\\\/#organization\"},\"potentialAction\":[{\"@type\":\"SearchAction\",\"target\":{\"@type\":\"EntryPoint\",\"urlTemplate\":\"https:\\\/\\\/i-potentials.de\\\/de\\\/?s={search_term_string}\"},\"query-input\":{\"@type\":\"PropertyValueSpecification\",\"valueRequired\":true,\"valueName\":\"search_term_string\"}}],\"inLanguage\":\"de\"},{\"@type\":\"Organization\",\"@id\":\"https:\\\/\\\/i-potentials.de\\\/de\\\/#organization\",\"name\":\"i-potentials GmbH\",\"url\":\"https:\\\/\\\/i-potentials.de\\\/de\\\/\",\"logo\":{\"@type\":\"ImageObject\",\"inLanguage\":\"de\",\"@id\":\"https:\\\/\\\/i-potentials.de\\\/de\\\/#\\\/schema\\\/logo\\\/image\\\/\",\"url\":\"https:\\\/\\\/i-potentials.de\\\/wp-content\\\/uploads\\\/2021\\\/03\\\/i-potentials-logo.png\",\"contentUrl\":\"https:\\\/\\\/i-potentials.de\\\/wp-content\\\/uploads\\\/2021\\\/03\\\/i-potentials-logo.png\",\"width\":500,\"height\":52,\"caption\":\"i-potentials GmbH\"},\"image\":{\"@id\":\"https:\\\/\\\/i-potentials.de\\\/de\\\/#\\\/schema\\\/logo\\\/image\\\/\"}}]}<\/script>\n<!-- \/ Yoast SEO plugin. -->","yoast_head_json":{"title":"Impressum - i-potentials","robots":{"index":"index","follow":"follow","max-snippet":"max-snippet:-1","max-image-preview":"max-image-preview:large","max-video-preview":"max-video-preview:-1"},"canonical":"https:\/\/i-potentials.de\/de\/impressum\/","og_locale":"de_DE","og_type":"article","og_title":"Impressum - i-potentials","og_description":"i-potentials GmbH Zimmerstra\u00dfe 79\/80 10117 Berlin Amtsgericht Charlottenburg HRB 120614 B Umsatzsteueridentifikationsnummer: DE 266464557 Gesch\u00e4ftsf\u00fchrer: Constanze Buchheim, Martina van Hettinga Verantwortlich f\u00fcr den Inhalt: Constanze Buchheim, Martina van Hettinga Kontakt: i-potentials GmbH Tel.: 030 609 899 300 Fax: 030 609 899 29 Email: info@i-potentials.de Haftungsbeschr\u00e4nkungen f\u00fcr eigene Inhalte Alle Inhalte unseres Internetauftritts wurden mit Sorgfalt ....","og_url":"https:\/\/i-potentials.de\/de\/impressum\/","og_site_name":"i-potentials","article_modified_time":"2024-05-29T13:25:52+00:00","og_image":[{"width":1410,"height":540,"url":"https:\/\/i-potentials.de\/wp-content\/uploads\/2021\/03\/Home.jpg","type":"image\/jpeg"}],"twitter_card":"summary_large_image","twitter_misc":{"Gesch\u00e4tzte Lesezeit":"2\u00a0Minuten"},"schema":{"@context":"https:\/\/schema.org","@graph":[{"@type":"WebPage","@id":"https:\/\/i-potentials.de\/de\/impressum\/","url":"https:\/\/i-potentials.de\/de\/impressum\/","name":"Impressum - i-potentials","isPartOf":{"@id":"https:\/\/i-potentials.de\/de\/#website"},"datePublished":"2018-11-18T15:32:00+00:00","dateModified":"2024-05-29T13:25:52+00:00","breadcrumb":{"@id":"https:\/\/i-potentials.de\/de\/impressum\/#breadcrumb"},"inLanguage":"de","potentialAction":[{"@type":"ReadAction","target":["https:\/\/i-potentials.de\/de\/impressum\/"]}]},{"@type":"BreadcrumbList","@id":"https:\/\/i-potentials.de\/de\/impressum\/#breadcrumb","itemListElement":[{"@type":"ListItem","position":1,"name":"Startseite","item":"https:\/\/i-potentials.de\/de\/"},{"@type":"ListItem","position":2,"name":"Impressum"}]},{"@type":"WebSite","@id":"https:\/\/i-potentials.de\/de\/#website","url":"https:\/\/i-potentials.de\/de\/","name":"i-potentials","description":"","publisher":{"@id":"https:\/\/i-potentials.de\/de\/#organization"},"potentialAction":[{"@type":"SearchAction","target":{"@type":"EntryPoint","urlTemplate":"https:\/\/i-potentials.de\/de\/?s={search_term_string}"},"query-input":{"@type":"PropertyValueSpecification","valueRequired":true,"valueName":"search_term_string"}}],"inLanguage":"de"},{"@type":"Organization","@id":"https:\/\/i-potentials.de\/de\/#organization","name":"i-potentials GmbH","url":"https:\/\/i-potentials.de\/de\/","logo":{"@type":"ImageObject","inLanguage":"de","@id":"https:\/\/i-potentials.de\/de\/#\/schema\/logo\/image\/","url":"https:\/\/i-potentials.de\/wp-content\/uploads\/2021\/03\/i-potentials-logo.png","contentUrl":"https:\/\/i-potentials.de\/wp-content\/uploads\/2021\/03\/i-potentials-logo.png","width":500,"height":52,"caption":"i-potentials GmbH"},"image":{"@id":"https:\/\/i-potentials.de\/de\/#\/schema\/logo\/image\/"}}]}},"_links":{"self":[{"href":"https:\/\/i-potentials.de\/de\/wp-json\/wp\/v2\/pages\/9","targetHints":{"allow":["GET"]}}],"collection":[{"href":"https:\/\/i-potentials.de\/de\/wp-json\/wp\/v2\/pages"}],"about":[{"href":"https:\/\/i-potentials.de\/de\/wp-json\/wp\/v2\/types\/page"}],"author":[{"embeddable":true,"href":"https:\/\/i-potentials.de\/de\/wp-json\/wp\/v2\/users\/1"}],"replies":[{"embeddable":true,"href":"https:\/\/i-potentials.de\/de\/wp-json\/wp\/v2\/comments?post=9"}],"version-history":[{"count":4,"href":"https:\/\/i-potentials.de\/de\/wp-json\/wp\/v2\/pages\/9\/revisions"}],"predecessor-version":[{"id":17145,"href":"https:\/\/i-potentials.de\/de\/wp-json\/wp\/v2\/pages\/9\/revisions\/17145"}],"wp:attachment":[{"href":"https:\/\/i-potentials.de\/de\/wp-json\/wp\/v2\/media?parent=9"}],"curies":[{"name":"wp","href":"https:\/\/api.w.org\/{rel}","templated":true}]}}