{"id":206,"date":"2018-11-18T16:32:00","date_gmt":"2018-11-18T15:32:00","guid":{"rendered":"https:\/\/i-potentials.deimpressum\/"},"modified":"2021-10-04T16:19:31","modified_gmt":"2021-10-04T14:19:31","slug":"impressum","status":"publish","type":"page","link":"https:\/\/i-potentials.de\/en\/impressum\/","title":{"rendered":"Imprint"},"content":{"rendered":"<h2>i-potentials GmbH<br \/>\nZimmerstra\u00dfe 79-80<br \/>\n10117 Berlin<\/h2>\n<p>Amtsgericht Charlottenburg<strong><br \/>\n<\/strong>HRB 120614 B<\/p>\n<p>Umsatzsteueridentifikationsnummer: DE 266464557<br \/>\nGesch\u00e4ftsf\u00fchrer: Constanze Buchheim, Martina van Hettinga<br \/>\nVerantwortlich f\u00fcr den Inhalt: Constanze Buchheim, Martina van Hettinga<\/p>\n<p><strong>Contact:<\/strong><\/p>\n<p>i-potentials GmbH<\/p>\n<p>Tel.: 030 609 899 300<br \/>\nFax: 030 609 899 29<br \/>\nEmail: <a class=\"content-link\" title=\"\" href=\"mailto:info@i-potentials.de\">info@i-potentials.de<\/a><\/p>\n<h2>Accountability for content<\/h2>\n<p>The contents of our pages have been created with the utmost care. However, we cannot guarantee the contents\u2019 accuracy, completeness or topicality at all times. According to statutory provisions, we are furthermore responsible for our own content on these web pages. In this context, please note that we are accordingly not obliged to monitor merely the transmitted or saved information of third parties, or investigate circumstances pointing to illegal activity. Our obligations to remove or block the use of information under generally applicable laws remain unaffected by this as per \u00a7\u00a7 8 to 10 of the German Telemedia Act (TMG).<\/p>\n<h2>Accountability for external links<\/h2>\n<p>Responsibility for the content of external links (to web pages of third parties) lies solely within the operators of the linked pages. No violations were evident to us at the time of linking. Should any legal infringement become known to us, we will remove the respective link immediately.<\/p>\n<h2>Copyright<\/h2>\n<p>Our web pages and their contents are subject to the German copyright law. Unless expressly permitted by law (\u00a7 44a et seq. of the copyright law), every form of utilising, reproducing or processing works subject to copyright protection on our web pages requires the prior consent of the respective owner of the rights. Individual reproductions of a work are allowed only for private use, so may not serve either directly or indirectly for earnings. Unauthorised utilisation of copyright works is punishable (\u00a7 106 of the copyright law).<\/p>\n<h2>Credits<\/h2>\n<p>Indication of source for images and graphics<\/p>\n<p><a href=\"http:\/\/alexanderklebe.de\/\">Alexander Klebe Fotografie<\/a><\/p>\n<p><a href=\"https:\/\/fotos-berlin.net\/\" target=\"_blank\" rel=\"noopener\">Annette Koroll | Fotostudio Berlin<\/a><\/p>\n<p><a href=\"https:\/\/fotoloft-erfurt.de\/\" target=\"_blank\" rel=\"noopener\">Benjamin Stolle | Fotoloft Erfurt\u00a0<\/a><\/p>\n<p><a href=\"https:\/\/www.canva.com\/photos\/\" target=\"_blank\" rel=\"noopener\">Canva inkl. Pexels &amp; Pixabay<\/a><\/p>\n<p><a href=\"https:\/\/stocksnap.io\/\" target=\"_blank\" rel=\"noopener\">Stocksnap.io &#8211; Creative Commons<\/a><\/p>\n","protected":false},"excerpt":{"rendered":"<p>i-potentials GmbH Zimmerstra\u00dfe 79-80 10117 Berlin Amtsgericht Charlottenburg HRB 120614 B Umsatzsteueridentifikationsnummer: DE 266464557 Gesch\u00e4ftsf\u00fchrer: Constanze Buchheim, Martina van Hettinga Verantwortlich f\u00fcr den Inhalt: Constanze Buchheim, Martina van Hettinga Contact: i-potentials GmbH Tel.: 030 609 899 300 Fax: 030 609 899 29 Email: info@i-potentials.de Accountability for content The contents of our pages have been created &#8230;.<\/p>\n","protected":false},"author":1,"featured_media":0,"parent":0,"menu_order":15,"comment_status":"closed","ping_status":"closed","template":"","meta":{"_acf_changed":false,"footnotes":""},"class_list":["post-206","page","type-page","status-publish","hentry"],"acf":[],"yoast_head":"<!-- This site is optimized with the Yoast SEO plugin v27.4 - https:\/\/yoast.com\/product\/yoast-seo-wordpress\/ -->\n<title>Imprint - i-potentials<\/title>\n<meta name=\"robots\" content=\"index, follow, max-snippet:-1, max-image-preview:large, max-video-preview:-1\" \/>\n<link rel=\"canonical\" href=\"https:\/\/i-potentials.de\/en\/impressum\/\" \/>\n<meta property=\"og:locale\" content=\"en_US\" \/>\n<meta property=\"og:type\" content=\"article\" \/>\n<meta property=\"og:title\" content=\"Imprint - i-potentials\" \/>\n<meta property=\"og:description\" content=\"i-potentials GmbH Zimmerstra\u00dfe 79-80 10117 Berlin Amtsgericht Charlottenburg HRB 120614 B Umsatzsteueridentifikationsnummer: DE 266464557 Gesch\u00e4ftsf\u00fchrer: Constanze Buchheim, Martina van Hettinga Verantwortlich f\u00fcr den Inhalt: Constanze Buchheim, Martina van Hettinga Contact: i-potentials GmbH Tel.: 030 609 899 300 Fax: 030 609 899 29 Email: info@i-potentials.de Accountability for content The contents of our pages have been created ....\" \/>\n<meta property=\"og:url\" content=\"https:\/\/i-potentials.de\/en\/impressum\/\" \/>\n<meta property=\"og:site_name\" content=\"i-potentials\" \/>\n<meta property=\"article:modified_time\" content=\"2021-10-04T14:19:31+00:00\" \/>\n<meta property=\"og:image\" content=\"https:\/\/i-potentials.de\/wp-content\/uploads\/2021\/03\/Home.jpg\" \/>\n\t<meta property=\"og:image:width\" content=\"1410\" \/>\n\t<meta property=\"og:image:height\" content=\"540\" \/>\n\t<meta property=\"og:image:type\" content=\"image\/jpeg\" \/>\n<meta name=\"twitter:card\" content=\"summary_large_image\" \/>\n<meta name=\"twitter:label1\" content=\"Est. reading time\" \/>\n\t<meta name=\"twitter:data1\" content=\"2 minutes\" \/>\n<script type=\"application\/ld+json\" class=\"yoast-schema-graph\">{\"@context\":\"https:\\\/\\\/schema.org\",\"@graph\":[{\"@type\":\"WebPage\",\"@id\":\"https:\\\/\\\/i-potentials.de\\\/en\\\/impressum\\\/\",\"url\":\"https:\\\/\\\/i-potentials.de\\\/en\\\/impressum\\\/\",\"name\":\"Imprint - i-potentials\",\"isPartOf\":{\"@id\":\"https:\\\/\\\/i-potentials.de\\\/de\\\/#website\"},\"datePublished\":\"2018-11-18T15:32:00+00:00\",\"dateModified\":\"2021-10-04T14:19:31+00:00\",\"breadcrumb\":{\"@id\":\"https:\\\/\\\/i-potentials.de\\\/en\\\/impressum\\\/#breadcrumb\"},\"inLanguage\":\"en-US\",\"potentialAction\":[{\"@type\":\"ReadAction\",\"target\":[\"https:\\\/\\\/i-potentials.de\\\/en\\\/impressum\\\/\"]}]},{\"@type\":\"BreadcrumbList\",\"@id\":\"https:\\\/\\\/i-potentials.de\\\/en\\\/impressum\\\/#breadcrumb\",\"itemListElement\":[{\"@type\":\"ListItem\",\"position\":1,\"name\":\"Startseite\",\"item\":\"https:\\\/\\\/i-potentials.de\\\/en\\\/\"},{\"@type\":\"ListItem\",\"position\":2,\"name\":\"Imprint\"}]},{\"@type\":\"WebSite\",\"@id\":\"https:\\\/\\\/i-potentials.de\\\/de\\\/#website\",\"url\":\"https:\\\/\\\/i-potentials.de\\\/de\\\/\",\"name\":\"i-potentials\",\"description\":\"\",\"publisher\":{\"@id\":\"https:\\\/\\\/i-potentials.de\\\/de\\\/#organization\"},\"potentialAction\":[{\"@type\":\"SearchAction\",\"target\":{\"@type\":\"EntryPoint\",\"urlTemplate\":\"https:\\\/\\\/i-potentials.de\\\/de\\\/?s={search_term_string}\"},\"query-input\":{\"@type\":\"PropertyValueSpecification\",\"valueRequired\":true,\"valueName\":\"search_term_string\"}}],\"inLanguage\":\"en-US\"},{\"@type\":\"Organization\",\"@id\":\"https:\\\/\\\/i-potentials.de\\\/de\\\/#organization\",\"name\":\"i-potentials GmbH\",\"url\":\"https:\\\/\\\/i-potentials.de\\\/de\\\/\",\"logo\":{\"@type\":\"ImageObject\",\"inLanguage\":\"en-US\",\"@id\":\"https:\\\/\\\/i-potentials.de\\\/de\\\/#\\\/schema\\\/logo\\\/image\\\/\",\"url\":\"https:\\\/\\\/i-potentials.de\\\/wp-content\\\/uploads\\\/2021\\\/03\\\/i-potentials-logo.png\",\"contentUrl\":\"https:\\\/\\\/i-potentials.de\\\/wp-content\\\/uploads\\\/2021\\\/03\\\/i-potentials-logo.png\",\"width\":500,\"height\":52,\"caption\":\"i-potentials GmbH\"},\"image\":{\"@id\":\"https:\\\/\\\/i-potentials.de\\\/de\\\/#\\\/schema\\\/logo\\\/image\\\/\"}}]}<\/script>\n<!-- \/ Yoast SEO plugin. -->","yoast_head_json":{"title":"Imprint - i-potentials","robots":{"index":"index","follow":"follow","max-snippet":"max-snippet:-1","max-image-preview":"max-image-preview:large","max-video-preview":"max-video-preview:-1"},"canonical":"https:\/\/i-potentials.de\/en\/impressum\/","og_locale":"en_US","og_type":"article","og_title":"Imprint - i-potentials","og_description":"i-potentials GmbH Zimmerstra\u00dfe 79-80 10117 Berlin Amtsgericht Charlottenburg HRB 120614 B Umsatzsteueridentifikationsnummer: DE 266464557 Gesch\u00e4ftsf\u00fchrer: Constanze Buchheim, Martina van Hettinga Verantwortlich f\u00fcr den Inhalt: Constanze Buchheim, Martina van Hettinga Contact: i-potentials GmbH Tel.: 030 609 899 300 Fax: 030 609 899 29 Email: info@i-potentials.de Accountability for content The contents of our pages have been created ....","og_url":"https:\/\/i-potentials.de\/en\/impressum\/","og_site_name":"i-potentials","article_modified_time":"2021-10-04T14:19:31+00:00","og_image":[{"width":1410,"height":540,"url":"https:\/\/i-potentials.de\/wp-content\/uploads\/2021\/03\/Home.jpg","type":"image\/jpeg"}],"twitter_card":"summary_large_image","twitter_misc":{"Est. reading time":"2 minutes"},"schema":{"@context":"https:\/\/schema.org","@graph":[{"@type":"WebPage","@id":"https:\/\/i-potentials.de\/en\/impressum\/","url":"https:\/\/i-potentials.de\/en\/impressum\/","name":"Imprint - i-potentials","isPartOf":{"@id":"https:\/\/i-potentials.de\/de\/#website"},"datePublished":"2018-11-18T15:32:00+00:00","dateModified":"2021-10-04T14:19:31+00:00","breadcrumb":{"@id":"https:\/\/i-potentials.de\/en\/impressum\/#breadcrumb"},"inLanguage":"en-US","potentialAction":[{"@type":"ReadAction","target":["https:\/\/i-potentials.de\/en\/impressum\/"]}]},{"@type":"BreadcrumbList","@id":"https:\/\/i-potentials.de\/en\/impressum\/#breadcrumb","itemListElement":[{"@type":"ListItem","position":1,"name":"Startseite","item":"https:\/\/i-potentials.de\/en\/"},{"@type":"ListItem","position":2,"name":"Imprint"}]},{"@type":"WebSite","@id":"https:\/\/i-potentials.de\/de\/#website","url":"https:\/\/i-potentials.de\/de\/","name":"i-potentials","description":"","publisher":{"@id":"https:\/\/i-potentials.de\/de\/#organization"},"potentialAction":[{"@type":"SearchAction","target":{"@type":"EntryPoint","urlTemplate":"https:\/\/i-potentials.de\/de\/?s={search_term_string}"},"query-input":{"@type":"PropertyValueSpecification","valueRequired":true,"valueName":"search_term_string"}}],"inLanguage":"en-US"},{"@type":"Organization","@id":"https:\/\/i-potentials.de\/de\/#organization","name":"i-potentials GmbH","url":"https:\/\/i-potentials.de\/de\/","logo":{"@type":"ImageObject","inLanguage":"en-US","@id":"https:\/\/i-potentials.de\/de\/#\/schema\/logo\/image\/","url":"https:\/\/i-potentials.de\/wp-content\/uploads\/2021\/03\/i-potentials-logo.png","contentUrl":"https:\/\/i-potentials.de\/wp-content\/uploads\/2021\/03\/i-potentials-logo.png","width":500,"height":52,"caption":"i-potentials GmbH"},"image":{"@id":"https:\/\/i-potentials.de\/de\/#\/schema\/logo\/image\/"}}]}},"_links":{"self":[{"href":"https:\/\/i-potentials.de\/en\/wp-json\/wp\/v2\/pages\/206","targetHints":{"allow":["GET"]}}],"collection":[{"href":"https:\/\/i-potentials.de\/en\/wp-json\/wp\/v2\/pages"}],"about":[{"href":"https:\/\/i-potentials.de\/en\/wp-json\/wp\/v2\/types\/page"}],"author":[{"embeddable":true,"href":"https:\/\/i-potentials.de\/en\/wp-json\/wp\/v2\/users\/1"}],"replies":[{"embeddable":true,"href":"https:\/\/i-potentials.de\/en\/wp-json\/wp\/v2\/comments?post=206"}],"version-history":[{"count":5,"href":"https:\/\/i-potentials.de\/en\/wp-json\/wp\/v2\/pages\/206\/revisions"}],"predecessor-version":[{"id":4944,"href":"https:\/\/i-potentials.de\/en\/wp-json\/wp\/v2\/pages\/206\/revisions\/4944"}],"wp:attachment":[{"href":"https:\/\/i-potentials.de\/en\/wp-json\/wp\/v2\/media?parent=206"}],"curies":[{"name":"wp","href":"https:\/\/api.w.org\/{rel}","templated":true}]}}